{"id":49,"date":"2025-10-11T09:01:29","date_gmt":"2025-10-11T09:01:29","guid":{"rendered":"https:\/\/masnyclinic.pl\/index.php\/home\/"},"modified":"2025-10-26T12:05:52","modified_gmt":"2025-10-26T12:05:52","slug":"home","status":"publish","type":"page","link":"https:\/\/masnyclinic.pl\/","title":{"rendered":"Home"},"content":{"rendered":"\t\t<div data-elementor-type=\"wp-page\" data-elementor-id=\"49\" class=\"elementor elementor-49\">\n\t\t\t\t<div class=\"elementor-element elementor-element-8722647 e-flex e-con-boxed e-con e-parent\" data-id=\"8722647\" data-element_type=\"container\">\n\t\t\t\t\t<div class=\"e-con-inner\">\n\t\t<div class=\"elementor-element elementor-element-1dee1ef e-con-full e-flex e-con e-child\" data-id=\"1dee1ef\" data-element_type=\"container\">\n\t\t\t\t<div class=\"elementor-element elementor-element-f87c2f8 elementor-widget elementor-widget-text-editor\" data-id=\"f87c2f8\" data-element_type=\"widget\" data-widget_type=\"text-editor.default\">\n\t\t\t\t\t\t\t\t\t<h5>\u00a0<\/h5><h5>\u00a0<\/h5><h5>\u00a0<\/h5><h5>\u00a0<\/h5><h5>\u00a0<\/h5><h5>\u00a0<\/h5><h5>\u00a0<\/h5><h5>\u00a0<\/h5><h5><strong>Ta strona jeszcze jest w budowie!<\/strong><\/h5><div>Tym niemniej zapraszamy po podstawowe informacje.<\/div><div><strong>\u00a0<\/strong><\/div>\t\t\t\t\t\t\t\t<\/div>\n\t\t\t\t<\/div>\n\t\t<div class=\"elementor-element elementor-element-2387697 e-con-full e-flex e-con e-child\" data-id=\"2387697\" data-element_type=\"container\">\n\t\t\t\t<div class=\"elementor-element elementor-element-1a5abfa elementor-widget elementor-widget-image\" data-id=\"1a5abfa\" data-element_type=\"widget\" data-widget_type=\"image.default\">\n\t\t\t\t\t\t\t\t\t\t\t\t\t\t\t<img fetchpriority=\"high\" decoding=\"async\" width=\"768\" height=\"1024\" src=\"https:\/\/masnyclinic.pl\/wp-content\/uploads\/2025\/10\/IMG_4016-768x1024.jpeg\" class=\"attachment-medium_large size-medium_large wp-image-83\" alt=\"\" srcset=\"https:\/\/masnyclinic.pl\/wp-content\/uploads\/2025\/10\/IMG_4016-768x1024.jpeg 768w, https:\/\/masnyclinic.pl\/wp-content\/uploads\/2025\/10\/IMG_4016-225x300.jpeg 225w, https:\/\/masnyclinic.pl\/wp-content\/uploads\/2025\/10\/IMG_4016-1152x1536.jpeg 1152w, https:\/\/masnyclinic.pl\/wp-content\/uploads\/2025\/10\/IMG_4016-1536x2048.jpeg 1536w, https:\/\/masnyclinic.pl\/wp-content\/uploads\/2025\/10\/IMG_4016-scaled.jpeg 1920w\" sizes=\"(max-width: 768px) 100vw, 768px\" \/>\t\t\t\t\t\t\t\t\t\t\t\t\t\t\t<\/div>\n\t\t\t\t<\/div>\n\t\t\t\t\t<\/div>\n\t\t\t\t<\/div>\n\t\t<div class=\"elementor-element elementor-element-2c9e097c e-con-full e-flex e-con e-parent\" data-id=\"2c9e097c\" data-element_type=\"container\">\n\t\t\t\t<div class=\"elementor-element elementor-element-26a0950 elementor-widget elementor-widget-heading\" data-id=\"26a0950\" data-element_type=\"widget\" data-widget_type=\"heading.default\">\n\t\t\t\t\t<span class=\"elementor-heading-title elementor-size-default\">Nowoczesna stomatologia<\/span>\t\t\t\t<\/div>\n\t\t<div class=\"elementor-element elementor-element-38988dea e-con-full e-flex e-con e-child\" data-id=\"38988dea\" data-element_type=\"container\">\n\t\t<div class=\"elementor-element elementor-element-4de24439 e-con-full e-flex e-con e-child\" data-id=\"4de24439\" data-element_type=\"container\">\n\t\t\t\t<div class=\"elementor-element elementor-element-a440234 elementor-widget elementor-widget-text-editor\" data-id=\"a440234\" data-element_type=\"widget\" data-widget_type=\"text-editor.default\">\n\t\t\t\t\t\t\t\t\t<p>Zapraszamy do wizyty w naszej nowoczesnej klinice!<\/p>\t\t\t\t\t\t\t\t<\/div>\n\t\t\t\t<div class=\"elementor-element elementor-element-10ec44b7 elementor-invisible elementor-widget elementor-widget-button\" data-id=\"10ec44b7\" data-element_type=\"widget\" data-settings=\"{&quot;_animation&quot;:&quot;fadeInDown&quot;}\" data-widget_type=\"button.default\">\n\t\t\t\t\t\t\t\t\t\t<a class=\"elementor-button elementor-button-link elementor-size-sm elementor-animation-sink\" href=\"https:\/\/library.elementor.com\/ceramic-workshops-flexbox\/workshops\/\">\n\t\t\t\t\t\t<span class=\"elementor-button-content-wrapper\">\n\t\t\t\t\t\t\t\t\t<span class=\"elementor-button-text\">Check Our Workshops<\/span>\n\t\t\t\t\t<\/span>\n\t\t\t\t\t<\/a>\n\t\t\t\t\t\t\t\t<\/div>\n\t\t\t\t<\/div>\n\t\t<div class=\"elementor-element elementor-element-400d557 e-con-full e-flex e-con e-child\" data-id=\"400d557\" data-element_type=\"container\">\n\t\t<div class=\"elementor-element elementor-element-5347ee94 e-con-full e-flex e-con e-child\" data-id=\"5347ee94\" data-element_type=\"container\">\n\t\t\t\t<div class=\"elementor-element elementor-element-678bbf65 elementor-position-top elementor-widget elementor-widget-image-box\" data-id=\"678bbf65\" data-element_type=\"widget\" data-widget_type=\"image-box.default\">\n\t\t\t\t\t<div class=\"elementor-image-box-wrapper\"><figure class=\"elementor-image-box-img\"><img decoding=\"async\" width=\"327\" height=\"293\" src=\"https:\/\/masnyclinic.pl\/wp-content\/uploads\/2025\/10\/HomePage-Offers_1.jpg\" class=\"elementor-animation-sink attachment-full size-full wp-image-52\" alt=\"\" srcset=\"https:\/\/masnyclinic.pl\/wp-content\/uploads\/2025\/10\/HomePage-Offers_1.jpg 327w, https:\/\/masnyclinic.pl\/wp-content\/uploads\/2025\/10\/HomePage-Offers_1-300x269.jpg 300w\" sizes=\"(max-width: 327px) 100vw, 327px\" \/><\/figure><div class=\"elementor-image-box-content\"><h3 class=\"elementor-image-box-title\">Implanty<\/h3><p class=\"elementor-image-box-description\">Lorem ipsum dolor sit amet, consectetur adipiscing elit, sed do eiusmod tempor incididunt ut labore et dolore magna<\/p><\/div><\/div>\t\t\t\t<\/div>\n\t\t\t\t<div class=\"elementor-element elementor-element-c8ed9f6 elementor-widget elementor-widget-button\" data-id=\"c8ed9f6\" data-element_type=\"widget\" data-widget_type=\"button.default\">\n\t\t\t\t\t\t\t\t\t\t<a class=\"elementor-button elementor-button-link elementor-size-sm\" href=\"https:\/\/library.elementor.com\/ceramic-workshops-flexbox\/workshops\/#Workshop_Learn_The_Basics\">\n\t\t\t\t\t\t<span class=\"elementor-button-content-wrapper\">\n\t\t\t\t\t\t\t\t\t<span class=\"elementor-button-text\">Learn More<\/span>\n\t\t\t\t\t<\/span>\n\t\t\t\t\t<\/a>\n\t\t\t\t\t\t\t\t<\/div>\n\t\t\t\t<\/div>\n\t\t<div class=\"elementor-element elementor-element-5e2df82d e-con-full e-flex e-con e-child\" data-id=\"5e2df82d\" data-element_type=\"container\">\n\t\t\t\t<div class=\"elementor-element elementor-element-b1b2ef2 elementor-position-top elementor-widget elementor-widget-image-box\" data-id=\"b1b2ef2\" data-element_type=\"widget\" data-widget_type=\"image-box.default\">\n\t\t\t\t\t<div class=\"elementor-image-box-wrapper\"><figure class=\"elementor-image-box-img\"><img decoding=\"async\" width=\"327\" height=\"293\" src=\"https:\/\/masnyclinic.pl\/wp-content\/uploads\/2025\/10\/HomePage-Offers_2.jpg\" class=\"elementor-animation-sink attachment-full size-full wp-image-53\" alt=\"\" srcset=\"https:\/\/masnyclinic.pl\/wp-content\/uploads\/2025\/10\/HomePage-Offers_2.jpg 327w, https:\/\/masnyclinic.pl\/wp-content\/uploads\/2025\/10\/HomePage-Offers_2-300x269.jpg 300w\" sizes=\"(max-width: 327px) 100vw, 327px\" \/><\/figure><div class=\"elementor-image-box-content\"><h3 class=\"elementor-image-box-title\">Protetyka cyfrowa<\/h3><p class=\"elementor-image-box-description\">Lorem ipsum dolor sit amet, consectetur adipiscing elit, sed do eiusmod tempor incididunt ut labore et dolore magna<\/p><\/div><\/div>\t\t\t\t<\/div>\n\t\t\t\t<div class=\"elementor-element elementor-element-7d3aa16b elementor-widget elementor-widget-button\" data-id=\"7d3aa16b\" data-element_type=\"widget\" data-widget_type=\"button.default\">\n\t\t\t\t\t\t\t\t\t\t<a class=\"elementor-button elementor-button-link elementor-size-sm\" href=\"https:\/\/library.elementor.com\/ceramic-workshops-flexbox\/workshops\/#Workshop_Master_The_Basics\">\n\t\t\t\t\t\t<span class=\"elementor-button-content-wrapper\">\n\t\t\t\t\t\t\t\t\t<span class=\"elementor-button-text\">Learn More<\/span>\n\t\t\t\t\t<\/span>\n\t\t\t\t\t<\/a>\n\t\t\t\t\t\t\t\t<\/div>\n\t\t\t\t<\/div>\n\t\t<div class=\"elementor-element elementor-element-608ddd19 e-con-full e-flex e-con e-child\" data-id=\"608ddd19\" data-element_type=\"container\">\n\t\t\t\t<div class=\"elementor-element elementor-element-3e98a8cc elementor-position-top elementor-widget elementor-widget-image-box\" data-id=\"3e98a8cc\" data-element_type=\"widget\" data-widget_type=\"image-box.default\">\n\t\t\t\t\t<div class=\"elementor-image-box-wrapper\"><figure class=\"elementor-image-box-img\"><img loading=\"lazy\" decoding=\"async\" width=\"327\" height=\"293\" src=\"https:\/\/masnyclinic.pl\/wp-content\/uploads\/2025\/10\/HomePage-Offers_3.jpg\" class=\"elementor-animation-sink attachment-full size-full wp-image-54\" alt=\"\" srcset=\"https:\/\/masnyclinic.pl\/wp-content\/uploads\/2025\/10\/HomePage-Offers_3.jpg 327w, https:\/\/masnyclinic.pl\/wp-content\/uploads\/2025\/10\/HomePage-Offers_3-300x269.jpg 300w\" sizes=\"(max-width: 327px) 100vw, 327px\" \/><\/figure><div class=\"elementor-image-box-content\"><h3 class=\"elementor-image-box-title\">Stomatologia dzieci\u0119ca<\/h3><p class=\"elementor-image-box-description\">Lorem ipsum dolor sit amet, consectetur adipiscing elit, sed do eiusmod tempor incididunt ut labore et dolore magna<\/p><\/div><\/div>\t\t\t\t<\/div>\n\t\t\t\t<div class=\"elementor-element elementor-element-20fc3c92 elementor-widget elementor-widget-button\" data-id=\"20fc3c92\" data-element_type=\"widget\" data-widget_type=\"button.default\">\n\t\t\t\t\t\t\t\t\t\t<a class=\"elementor-button elementor-button-link elementor-size-sm\" href=\"https:\/\/library.elementor.com\/ceramic-workshops-flexbox\/workshops\/#Workshop_Be_Ceramic_Superhero\">\n\t\t\t\t\t\t<span class=\"elementor-button-content-wrapper\">\n\t\t\t\t\t\t\t\t\t<span class=\"elementor-button-text\">Learn More<\/span>\n\t\t\t\t\t<\/span>\n\t\t\t\t\t<\/a>\n\t\t\t\t\t\t\t\t<\/div>\n\t\t\t\t<\/div>\n\t\t\t\t<\/div>\n\t\t\t\t<\/div>\n\t\t\t\t<\/div>\n\t\t<div class=\"elementor-element elementor-element-436dac14 e-con-full e-flex e-con e-parent\" data-id=\"436dac14\" data-element_type=\"container\">\n\t\t\t\t<div class=\"elementor-element elementor-element-b7ba694 elementor-widget elementor-widget-heading\" data-id=\"b7ba694\" data-element_type=\"widget\" data-widget_type=\"heading.default\">\n\t\t\t\t\t<h2 class=\"elementor-heading-title elementor-size-default\">Nowoczesna klinika stomatologiczna w sercu \u015al\u0105ska!<\/h2>\t\t\t\t<\/div>\n\t\t<div class=\"elementor-element elementor-element-701a5eaf e-con-full e-flex e-con e-child\" data-id=\"701a5eaf\" data-element_type=\"container\">\n\t\t\t\t<div class=\"elementor-element elementor-element-60080111 elementor-widget-tablet__width-initial elementor-widget-mobile__width-inherit elementor-widget__width-initial elementor-widget elementor-widget-icon-box\" data-id=\"60080111\" data-element_type=\"widget\" data-widget_type=\"icon-box.default\">\n\t\t\t\t\t\t\t<div class=\"elementor-icon-box-wrapper\">\n\n\t\t\t\n\t\t\t\t\t\t<div class=\"elementor-icon-box-content\">\n\n\t\t\t\t\t\t\t\t\t<h3 class=\"elementor-icon-box-title\">\n\t\t\t\t\t\t<span  >\n\t\t\t\t\t\t\tBezp\u0142atny parking\t\t\t\t\t\t<\/span>\n\t\t\t\t\t<\/h3>\n\t\t\t\t\n\t\t\t\t\t\t\t\t\t<p class=\"elementor-icon-box-description\">\n\t\t\t\t\t\tZaparkujesz u nas bez problemu pod sam\u0105 klinik\u0105!\t\t\t\t\t<\/p>\n\t\t\t\t\n\t\t\t<\/div>\n\t\t\t\n\t\t<\/div>\n\t\t\t\t\t\t<\/div>\n\t\t\t\t<div class=\"elementor-element elementor-element-6be199df elementor-widget-tablet__width-initial elementor-widget-mobile__width-inherit elementor-widget__width-initial elementor-widget elementor-widget-icon-box\" data-id=\"6be199df\" data-element_type=\"widget\" data-widget_type=\"icon-box.default\">\n\t\t\t\t\t\t\t<div class=\"elementor-icon-box-wrapper\">\n\n\t\t\t\n\t\t\t\t\t\t<div class=\"elementor-icon-box-content\">\n\n\t\t\t\t\t\t\t\t\t<h3 class=\"elementor-icon-box-title\">\n\t\t\t\t\t\t<span  >\n\t\t\t\t\t\t\tZnieczulenie komputerowe\t\t\t\t\t\t<\/span>\n\t\t\t\t\t<\/h3>\n\t\t\t\t\n\t\t\t\t\t\t\t\t\t<p class=\"elementor-icon-box-description\">\n\t\t\t\t\t\tZabiegi stomatologiczne s\u0105 u nas bezbolesne\t\t\t\t\t<\/p>\n\t\t\t\t\n\t\t\t<\/div>\n\t\t\t\n\t\t<\/div>\n\t\t\t\t\t\t<\/div>\n\t\t\t\t<div class=\"elementor-element elementor-element-76b58b1a elementor-widget-tablet__width-initial elementor-widget-mobile__width-inherit elementor-widget__width-initial elementor-widget elementor-widget-icon-box\" data-id=\"76b58b1a\" data-element_type=\"widget\" data-widget_type=\"icon-box.default\">\n\t\t\t\t\t\t\t<div class=\"elementor-icon-box-wrapper\">\n\n\t\t\t\n\t\t\t\t\t\t<div class=\"elementor-icon-box-content\">\n\n\t\t\t\t\t\t\t\t\t<h3 class=\"elementor-icon-box-title\">\n\t\t\t\t\t\t<span  >\n\t\t\t\t\t\t\tLeczenie w sedacji\t\t\t\t\t\t<\/span>\n\t\t\t\t\t<\/h3>\n\t\t\t\t\n\t\t\t\t\t\t\t\t\t<p class=\"elementor-icon-box-description\">\n\t\t\t\t\t\tLeczenie dzieci z gazem rozweselaj\u0105cym dla naszych najm\u0142odszych\t\t\t\t\t<\/p>\n\t\t\t\t\n\t\t\t<\/div>\n\t\t\t\n\t\t<\/div>\n\t\t\t\t\t\t<\/div>\n\t\t\t\t<div class=\"elementor-element elementor-element-6b6149eb elementor-widget-tablet__width-initial elementor-widget-mobile__width-inherit elementor-widget elementor-widget-icon-box\" data-id=\"6b6149eb\" data-element_type=\"widget\" data-widget_type=\"icon-box.default\">\n\t\t\t\t\t\t\t<div class=\"elementor-icon-box-wrapper\">\n\n\t\t\t\n\t\t\t\t\t\t<div class=\"elementor-icon-box-content\">\n\n\t\t\t\t\t\t\t\t\t<h3 class=\"elementor-icon-box-title\">\n\t\t\t\t\t\t<span  >\n\t\t\t\t\t\t\tTomografia komputerowa\t\t\t\t\t\t<\/span>\n\t\t\t\t\t<\/h3>\n\t\t\t\t\n\t\t\t\t\t\t\t\t\t<p class=\"elementor-icon-box-description\">\n\t\t\t\t\t\tNowoczesne techniki obrazowania mamy na miejscu\t\t\t\t\t<\/p>\n\t\t\t\t\n\t\t\t<\/div>\n\t\t\t\n\t\t<\/div>\n\t\t\t\t\t\t<\/div>\n\t\t\t\t<\/div>\n\t\t<div class=\"elementor-element elementor-element-c50add5 e-con-full e-flex e-con e-child\" data-id=\"c50add5\" data-element_type=\"container\">\n\t\t\t\t<div class=\"elementor-element elementor-element-ffb7c30 elementor-widget-tablet__width-initial elementor-widget-mobile__width-inherit elementor-widget__width-initial elementor-widget elementor-widget-icon-box\" data-id=\"ffb7c30\" data-element_type=\"widget\" data-widget_type=\"icon-box.default\">\n\t\t\t\t\t\t\t<div class=\"elementor-icon-box-wrapper\">\n\n\t\t\t\n\t\t\t\t\t\t<div class=\"elementor-icon-box-content\">\n\n\t\t\t\t\t\t\t\t\t<h3 class=\"elementor-icon-box-title\">\n\t\t\t\t\t\t<span  >\n\t\t\t\t\t\t\tNowoczesny sprz\u0119t\t\t\t\t\t\t<\/span>\n\t\t\t\t\t<\/h3>\n\t\t\t\t\n\t\t\t\t\t\t\t\t\t<p class=\"elementor-icon-box-description\">\n\t\t\t\t\t\tW trosce o Wasz komfort\t\t\t\t\t<\/p>\n\t\t\t\t\n\t\t\t<\/div>\n\t\t\t\n\t\t<\/div>\n\t\t\t\t\t\t<\/div>\n\t\t\t\t<div class=\"elementor-element elementor-element-06f6a87 elementor-widget-tablet__width-initial elementor-widget-mobile__width-inherit elementor-widget__width-initial elementor-widget elementor-widget-icon-box\" data-id=\"06f6a87\" data-element_type=\"widget\" data-widget_type=\"icon-box.default\">\n\t\t\t\t\t\t\t<div class=\"elementor-icon-box-wrapper\">\n\n\t\t\t\n\t\t\t\t\t\t<div class=\"elementor-icon-box-content\">\n\n\t\t\t\t\t\t\t\t\t<h3 class=\"elementor-icon-box-title\">\n\t\t\t\t\t\t<span  >\n\t\t\t\t\t\t\tLeczenie pod mikroskopem\t\t\t\t\t\t<\/span>\n\t\t\t\t\t<\/h3>\n\t\t\t\t\n\t\t\t\t\t\t\t\t\t<p class=\"elementor-icon-box-description\">\n\t\t\t\t\t\tW dba\u0142o\u015bci o ka\u017cdy najmniejszy szczeg\u00f3\u0142\t\t\t\t\t<\/p>\n\t\t\t\t\n\t\t\t<\/div>\n\t\t\t\n\t\t<\/div>\n\t\t\t\t\t\t<\/div>\n\t\t\t\t<div class=\"elementor-element elementor-element-b090ac9 elementor-widget-tablet__width-initial elementor-widget-mobile__width-inherit elementor-widget__width-initial elementor-widget elementor-widget-icon-box\" data-id=\"b090ac9\" data-element_type=\"widget\" data-widget_type=\"icon-box.default\">\n\t\t\t\t\t\t\t<div class=\"elementor-icon-box-wrapper\">\n\n\t\t\t\n\t\t\t\t\t\t<div class=\"elementor-icon-box-content\">\n\n\t\t\t\t\t\t\t\t\t<h3 class=\"elementor-icon-box-title\">\n\t\t\t\t\t\t<span  >\n\t\t\t\t\t\t\tLeczenie w sedacji\t\t\t\t\t\t<\/span>\n\t\t\t\t\t<\/h3>\n\t\t\t\t\n\t\t\t\t\t\t\t\t\t<p class=\"elementor-icon-box-description\">\n\t\t\t\t\t\tLeczenie dzieci z gazem rozweselaj\u0105cym dla naszych najm\u0142odszych\t\t\t\t\t<\/p>\n\t\t\t\t\n\t\t\t<\/div>\n\t\t\t\n\t\t<\/div>\n\t\t\t\t\t\t<\/div>\n\t\t\t\t<div class=\"elementor-element elementor-element-0012a76 elementor-widget-tablet__width-initial elementor-widget-mobile__width-inherit elementor-widget elementor-widget-icon-box\" data-id=\"0012a76\" data-element_type=\"widget\" data-widget_type=\"icon-box.default\">\n\t\t\t\t\t\t\t<div class=\"elementor-icon-box-wrapper\">\n\n\t\t\t\n\t\t\t\t\t\t<div class=\"elementor-icon-box-content\">\n\n\t\t\t\t\t\t\t\t\t<h3 class=\"elementor-icon-box-title\">\n\t\t\t\t\t\t<span  >\n\t\t\t\t\t\t\tDo\u015bwiadczenie\t\t\t\t\t\t<\/span>\n\t\t\t\t\t<\/h3>\n\t\t\t\t\n\t\t\t\t\t\t\t\t\t<p class=\"elementor-icon-box-description\">\n\t\t\t\t\t\tTysi\u0105ce godzin przy fotelu, setki godzin konferencji i szkole\u0144.\t\t\t\t\t<\/p>\n\t\t\t\t\n\t\t\t<\/div>\n\t\t\t\n\t\t<\/div>\n\t\t\t\t\t\t<\/div>\n\t\t\t\t<\/div>\n\t\t\t\t<\/div>\n\t\t<div class=\"elementor-element elementor-element-13ae2ab7 e-con-full e-flex e-con e-parent\" data-id=\"13ae2ab7\" data-element_type=\"container\">\n\t\t\t\t<div class=\"elementor-element elementor-element-7bfdf851 elementor-widget elementor-widget-heading\" data-id=\"7bfdf851\" data-element_type=\"widget\" data-widget_type=\"heading.default\">\n\t\t\t\t\t<span class=\"elementor-heading-title elementor-size-default\">Nasze prace<\/span>\t\t\t\t<\/div>\n\t\t\t\t<div class=\"elementor-element elementor-element-a2c177d elementor-widget elementor-widget-image-carousel\" data-id=\"a2c177d\" data-element_type=\"widget\" data-settings=\"{&quot;slides_to_show&quot;:&quot;4&quot;,&quot;slides_to_scroll&quot;:&quot;1&quot;,&quot;navigation&quot;:&quot;none&quot;,&quot;pause_on_hover&quot;:&quot;no&quot;,&quot;pause_on_interaction&quot;:&quot;no&quot;,&quot;slides_to_show_mobile&quot;:&quot;3&quot;,&quot;autoplay&quot;:&quot;yes&quot;,&quot;autoplay_speed&quot;:5000,&quot;infinite&quot;:&quot;yes&quot;,&quot;speed&quot;:500,&quot;image_spacing_custom&quot;:{&quot;unit&quot;:&quot;px&quot;,&quot;size&quot;:20,&quot;sizes&quot;:[]},&quot;image_spacing_custom_tablet&quot;:{&quot;unit&quot;:&quot;px&quot;,&quot;size&quot;:&quot;&quot;,&quot;sizes&quot;:[]},&quot;image_spacing_custom_mobile&quot;:{&quot;unit&quot;:&quot;px&quot;,&quot;size&quot;:&quot;&quot;,&quot;sizes&quot;:[]}}\" data-widget_type=\"image-carousel.default\">\n\t\t\t\t\t\t\t<div class=\"elementor-image-carousel-wrapper swiper\" role=\"region\" aria-roledescription=\"carousel\" aria-label=\"Karuzela obrazk\u00f3w\" dir=\"ltr\">\n\t\t\t<div class=\"elementor-image-carousel swiper-wrapper\" aria-live=\"off\">\n\t\t\t\t\t\t\t\t<div class=\"swiper-slide\" role=\"group\" aria-roledescription=\"slide\" aria-label=\"1 z 4\"><figure class=\"swiper-slide-inner\"><img decoding=\"async\" class=\"swiper-slide-image\" src=\"https:\/\/masnyclinic.pl\/wp-content\/uploads\/2025\/10\/HomePage-WorkGallery-img_1.jpg\" alt=\"HomePage-WorkGallery-img_1.jpg\" \/><\/figure><\/div><div class=\"swiper-slide\" role=\"group\" aria-roledescription=\"slide\" aria-label=\"2 z 4\"><figure class=\"swiper-slide-inner\"><img decoding=\"async\" class=\"swiper-slide-image\" src=\"https:\/\/masnyclinic.pl\/wp-content\/uploads\/2025\/10\/HomePage-WorkGallery-img_2.jpg\" alt=\"HomePage-WorkGallery-img_2.jpg\" \/><\/figure><\/div><div class=\"swiper-slide\" role=\"group\" aria-roledescription=\"slide\" aria-label=\"3 z 4\"><figure class=\"swiper-slide-inner\"><img decoding=\"async\" class=\"swiper-slide-image\" src=\"https:\/\/masnyclinic.pl\/wp-content\/uploads\/2025\/10\/HomePage-WorkGallery-img_3.jpg\" alt=\"HomePage-WorkGallery-img_3.jpg\" \/><\/figure><\/div><div class=\"swiper-slide\" role=\"group\" aria-roledescription=\"slide\" aria-label=\"4 z 4\"><figure class=\"swiper-slide-inner\"><img decoding=\"async\" class=\"swiper-slide-image\" src=\"https:\/\/masnyclinic.pl\/wp-content\/uploads\/2025\/10\/HomePage-WorkGallery-img_4.jpg\" alt=\"HomePage-WorkGallery-img_4.jpg\" \/><\/figure><\/div>\t\t\t<\/div>\n\t\t\t\t\t\t\t\n\t\t\t\t\t\t\t\t\t<\/div>\n\t\t\t\t\t\t<\/div>\n\t\t\t\t<\/div>\n\t\t<div class=\"elementor-element elementor-element-40ee7f4f e-con-full e-flex e-con e-parent\" data-id=\"40ee7f4f\" data-element_type=\"container\" data-settings=\"{&quot;background_background&quot;:&quot;classic&quot;}\">\n\t\t<div class=\"elementor-element elementor-element-1d6833f3 e-con-full e-flex e-con e-child\" data-id=\"1d6833f3\" data-element_type=\"container\">\n\t\t\t\t<div class=\"elementor-element elementor-element-43c8c9c7 elementor-widget__width-initial elementor-widget elementor-widget-heading\" data-id=\"43c8c9c7\" data-element_type=\"widget\" data-widget_type=\"heading.default\">\n\t\t\t\t\t<h2 class=\"elementor-heading-title elementor-size-default\">Najwy\u017cszy standard leczenia. <br>Dla Was.<\/h2>\t\t\t\t<\/div>\n\t\t<div class=\"elementor-element elementor-element-5c93612e e-con-full e-flex e-con e-child\" data-id=\"5c93612e\" data-element_type=\"container\">\n\t\t\t\t<div class=\"elementor-element elementor-element-629b292e elementor-widget elementor-widget-text-editor\" data-id=\"629b292e\" data-element_type=\"widget\" data-widget_type=\"text-editor.default\">\n\t\t\t\t\t\t\t\t\t<p>Specjalizujemy w realizowaniu kompleksowych plan\u00f3w leczenia.<\/p><p>Ma\u0142ych &#8211; obejmuj\u0105cych jedynie odpowiednie dzia\u0142ania piel\u0119gnacyjne i du\u017cych &#8211; obejmuj\u0105cych wieloetapowe planowanie o leczenie. Od diagnostyki obejmuj\u0105cej mikroskop i tomografi\u0119, przez profilaktyk\u0119 i dzia\u0142ania edukacyjne, leczenie endodontyczne pod mikroskopem, stomatologi\u0119 zachowawcz\u0105 w powi\u0119kszeniu, minimalnie inwazyjne estetyczne metamorfozy u\u015bmiechu z cyfrowym planowaniem, implantacj\u0119 natychmiastowe i odroczone, chirurgi\u0119 dzi\u0105se\u0142 (przeszczepy, pokrywanie recesji, augmentacje) po rozleg\u0142e rekonstrukcj\u0119 uz\u0119bienia na z\u0119bach w\u0142asnych oraz implantach.<\/p><p>Tak aby\u015b m\u00f3g\u0142 d\u0142ugo cieszy\u0107 si\u0119 zdrowym i pi\u0119knym u\u015bmiechem.<\/p><p>Serdecznie zapraszamy na konsultacje.<\/p>\t\t\t\t\t\t\t\t<\/div>\n\t\t\t\t<div class=\"elementor-element elementor-element-49417744 elementor-invisible elementor-widget elementor-widget-button\" data-id=\"49417744\" data-element_type=\"widget\" data-settings=\"{&quot;_animation&quot;:&quot;fadeInDown&quot;}\" data-widget_type=\"button.default\">\n\t\t\t\t\t\t\t\t\t\t<a class=\"elementor-button elementor-button-link elementor-size-sm elementor-animation-sink\" href=\"https:\/\/library.elementor.com\/ceramic-workshops-flexbox\/workshops\/\">\n\t\t\t\t\t\t<span class=\"elementor-button-content-wrapper\">\n\t\t\t\t\t\t\t\t\t<span class=\"elementor-button-text\">Check Our Workshops<\/span>\n\t\t\t\t\t<\/span>\n\t\t\t\t\t<\/a>\n\t\t\t\t\t\t\t\t<\/div>\n\t\t\t\t<\/div>\n\t\t\t\t<\/div>\n\t\t\t\t<div class=\"elementor-element elementor-element-3dfa292a elementor-invisible elementor-widget elementor-widget-heading\" data-id=\"3dfa292a\" data-element_type=\"widget\" data-settings=\"{&quot;_animation&quot;:&quot;fadeInUp&quot;}\" data-widget_type=\"heading.default\">\n\t\t\t\t\t<span class=\"elementor-heading-title elementor-size-default\">Workshops<\/span>\t\t\t\t<\/div>\n\t\t\t\t<\/div>\n\t\t\t\t<\/div>\n\t\t","protected":false},"excerpt":{"rendered":"<p>\u00a0 \u00a0 \u00a0 \u00a0 \u00a0 \u00a0 \u00a0 \u00a0 Ta strona jeszcze jest w budowie! Tym niemniej zapraszamy po podstawowe informacje.\u00a0 Nowoczesna stomatologia Zapraszamy do wizyty w naszej nowoczesnej klinice! Check Our Workshops Implanty Lorem ipsum dolor sit amet, consectetur adipiscing elit, sed do eiusmod tempor incididunt ut labore et dolore magna Learn More Protetyka cyfrowa [&hellip;]<\/p>\n","protected":false},"author":1,"featured_media":61,"parent":0,"menu_order":0,"comment_status":"closed","ping_status":"closed","template":"elementor_header_footer","meta":{"footnotes":""},"class_list":["post-49","page","type-page","status-publish","has-post-thumbnail","hentry"],"_links":{"self":[{"href":"https:\/\/masnyclinic.pl\/index.php\/wp-json\/wp\/v2\/pages\/49","targetHints":{"allow":["GET"]}}],"collection":[{"href":"https:\/\/masnyclinic.pl\/index.php\/wp-json\/wp\/v2\/pages"}],"about":[{"href":"https:\/\/masnyclinic.pl\/index.php\/wp-json\/wp\/v2\/types\/page"}],"author":[{"embeddable":true,"href":"https:\/\/masnyclinic.pl\/index.php\/wp-json\/wp\/v2\/users\/1"}],"replies":[{"embeddable":true,"href":"https:\/\/masnyclinic.pl\/index.php\/wp-json\/wp\/v2\/comments?post=49"}],"version-history":[{"count":7,"href":"https:\/\/masnyclinic.pl\/index.php\/wp-json\/wp\/v2\/pages\/49\/revisions"}],"predecessor-version":[{"id":86,"href":"https:\/\/masnyclinic.pl\/index.php\/wp-json\/wp\/v2\/pages\/49\/revisions\/86"}],"wp:featuredmedia":[{"embeddable":true,"href":"https:\/\/masnyclinic.pl\/index.php\/wp-json\/wp\/v2\/media\/61"}],"wp:attachment":[{"href":"https:\/\/masnyclinic.pl\/index.php\/wp-json\/wp\/v2\/media?parent=49"}],"curies":[{"name":"wp","href":"https:\/\/api.w.org\/{rel}","templated":true}]}}